{"id":24,"date":"2020-03-22T19:42:03","date_gmt":"2020-03-22T18:42:03","guid":{"rendered":"http:\/\/autofrigo.pl\/index.php\/mesmerize\/"},"modified":"2021-03-30T09:42:52","modified_gmt":"2021-03-30T07:42:52","slug":"mesmerize","status":"publish","type":"page","link":"http:\/\/czescibrzesko.pl\/","title":{"rendered":"Front Page"},"content":{"rendered":"<div  data-label=\"Onas\" data-id=\"about--1\" data-export-id=\"about-4\" data-category=\"about\" class=\"about-4 content-section content-section-spacing\" id=\"onas\" style=\"background-color: rgb(255, 255, 255);\"><div  class=\"gridContainer\"> <div  class=\"row middle-sm text-center\"><div  class=\"col-sm-5 space-bottom-xs content-center-sm\" data-type=\"column\">  <h2  class=\"\">Oryginalne u\u017cywane cz\u0119\u015bci samochodowe<\/h2> <p  class=\"\">Firma \u201cAuto Cz\u0119\u015bci\u201d dzia\u0142a\u0142a na rynku od 1991 r. Oferujemy Pa\u0144stwu zar\u00f3wno sprzeda\u017c detaliczn\u0105 jak i hurtow\u0105. Dysponujemy szerokim asortymentem u\u017cywanych cz\u0119\u015bci zamiennych do samochod\u00f3w takich marek jak: Audi, BMW, Opel, Seat, Skoda, Mercedes, VW, Renault, Peugeot, Citroen, Ford i innych.\n<br ><br >\n<br ><br >W naszej ofercie znajduje si\u0119 r\u00f3wnie\u017c wiele cz\u0119\u015bci do mniej znanych marek. Naszym priorytetem jest zadowolenie klient\u00f3w o czym \u015bwiadczy wysoki poziom naszych us\u0142ug i podej\u015bcie do klienta. Serdecznie zapraszamy do skorzystania z naszej oferty.<\/p> <\/div> <div  class=\"col-sm-7 flexbox center-xs middle-xs image-group-2-img\"> <img decoding=\"async\"  class=\"img-1 shadow-large\" data-size=\"250x200\" src=\"http:\/\/sklep1680808.home.pl\/serwis\/wp-content\/uploads\/2021\/03\/cropped-8.jpg\" title=\"cropped-8.jpg\" alt=\"\"> <img decoding=\"async\"  class=\"img-2 shadow-large\" data-size=\"220x170\" src=\"http:\/\/sklep1680808.home.pl\/serwis\/wp-content\/uploads\/2021\/03\/image1.jpg\" title=\"image1\" alt=\"\"><\/div> <\/div><\/div> <\/div><div  data-label=\"Oferta\" data-id=\"clients--1\" data-export-id=\"clients-4\" data-category=\"clients\" class=\"clients-4 content-section content-section-spacing-small\" id=\"oferta\" style=\"background-color: rgb(245, 250, 253);\"><div  class=\"gridContainer\"> <div  class=\"row\"><div  data-type=\"column\" class=\"section-title-col\"> <h2  class=\"font-700\">Pe\u0142na oferta naszej firmy poni\u017cej<\/h2> <\/div> <\/div> <div  data-type=\"row\" class=\"row spaced-cols middle-xs center-xs space-bottom padding-lr\"> <div  class=\"col-xs-6 col-sm-2\"> <\/div> <div  class=\"col-xs-6 col-sm-2\"> <\/div> <div  class=\"col-xs-6 col-sm-2\"> <a data-cp-link=\"1\" href=\"https:\/\/sklep.czescibrzesko.pl\" class=\"\" target=\"_blank\" rel=\"noopener\"><img decoding=\"async\"  src=\"http:\/\/sklep1680808.home.pl\/serwis\/wp-content\/uploads\/2021\/03\/4.jpg\" class=\"\" alt=\"\" title=\"cropped-otomoto.png\"><\/a><\/div> <div  class=\"col-xs-6 col-sm-2\"> <a data-cp-link=\"1\" href=\"https:\/\/czescibrzesko.olx.pl\" class=\"\" target=\"_blank\" rel=\"noopener\"><img decoding=\"async\"  src=\"http:\/\/sklep1680808.home.pl\/serwis\/wp-content\/uploads\/2021\/03\/cropped-tlo.png\" class=\"\" alt=\"\" title=\"cropped-mascus.png\"><\/a><\/div> <div  class=\"col-xs-6 col-sm-2\"> <\/div> <div  class=\"col-xs-6 col-sm-2\"> <\/div> <\/div><\/div> <\/div><div  data-label=\"Mapa\" data-id=\"contact--1\" data-export-id=\"contact-1\" data-category=\"contact\" class=\"contact-1 content-section content-section-spacing white-text\" data-parallax-depth=\"20\" id=\"mapa\" style=\"background-color: rgb(255, 255, 255); background-image: url(&quot;http:\/\/sklep1680808.home.pl\/serwis\/wp-content\/uploads\/2021\/03\/10.jpg&quot;); background-size: cover; background-position: center top;\"><div  class=\"gridContainer\"> <div  class=\"row text-center\"><div  class=\"section-title-col\" data-type=\"column\"> <h2  class=\"\">Zapraszamy r\u00f3wnie\u017c do naszej siedziby<\/h2> <\/div> <\/div> <div  class=\"row text-center\"> <div  class=\"col-xs-12 col-sm-8 col-sm-offset-2 contact-form-wrapper inline-info\"> <div  class=\"card large-padding\"> <div  class=\"\" data-content-shortcode=\"mesmerize_contact_form shortcode=&quot;&amp;amp;lt;iframe src=&amp;amp;quot;https:\/\/www.google.com\/maps\/embed?pb=!1m18!1m12!1m3!1d20527.462460747323!2d20.594172429035233!3d49.97511863239209!2m3!1f0!2f0!3f0!3m2!1i1024!2i768!4f13.1!3m3!1m2!1s0x4716264b5c6d6d4d%3A0xf49f78bcafd51acf!2sCz%C4%99%C5%9Bci%20Samochodowe%20Auto%20-%20Cz%C4%99%C5%9Bci%20Brzesko%20Jadowniki!5e0!3m2!1spl!2spl!4v1616161833511!5m2!1spl!2spl&amp;amp;quot; width=&amp;amp;quot;800&amp;amp;quot; height=&amp;amp;quot;600&amp;amp;quot; style=&amp;amp;quot;border:0;&amp;amp;quot; allowfullscreen=&amp;amp;quot;&amp;amp;quot; loading=&amp;amp;quot;lazy&amp;amp;quot;&amp;amp;gt;&amp;amp;lt;\/iframe&amp;amp;gt;&quot;\" data-editable=\"true\">[<iframe src=\"https:\/\/www.google.com\/maps\/embed?pb=!1m18!1m12!1m3!1d20527.462460747323!2d20.594172429035233!3d49.97511863239209!2m3!1f0!2f0!3f0!3m2!1i1024!2i768!4f13.1!3m3!1m2!1s0x4716264b5c6d6d4d%3A0xf49f78bcafd51acf!2sCz%C4%99%C5%9Bci%20Samochodowe%20Auto%20-%20Cz%C4%99%C5%9Bci%20Brzesko%20Jadowniki!5e0!3m2!1spl!2spl!4v1616161833511!5m2!1spl!2spl\" width=\"800\" height=\"600\" style=\"border:0;\" allowfullscreen=\"\" loading=\"lazy\"><\/iframe>]<\/div><\/div> <\/div><\/div> <\/div><\/div>","protected":false},"excerpt":{"rendered":"<p>Oryginalne u\u017cywane cz\u0119\u015bci samochodowe Firma \u201cAuto Cz\u0119\u015bci\u201d dzia\u0142a\u0142a na rynku od 1991 r. Oferujemy Pa\u0144stwu zar\u00f3wno sprzeda\u017c detaliczn\u0105 jak i hurtow\u0105. Dysponujemy szerokim asortymentem u\u017cywanych cz\u0119\u015bci zamiennych do samochod\u00f3w takich marek jak: Audi, BMW, Opel, Seat, Skoda, Mercedes, VW, Renault, Peugeot, Citroen, Ford i innych. W naszej ofercie znajduje si\u0119 r\u00f3wnie\u017c wiele cz\u0119\u015bci do mniej&hellip; <br \/> <a class=\"read-more\" href=\"http:\/\/czescibrzesko.pl\/\">Dowiedz si\u0119 wi\u0119cej<\/a><\/p>\n","protected":false},"author":1,"featured_media":0,"parent":0,"menu_order":0,"comment_status":"closed","ping_status":"closed","template":"page-templates\/homepage.php","meta":{"footnotes":""},"class_list":["post-24","page","type-page","status-publish","hentry"],"_links":{"self":[{"href":"http:\/\/czescibrzesko.pl\/index.php\/wp-json\/wp\/v2\/pages\/24","targetHints":{"allow":["GET"]}}],"collection":[{"href":"http:\/\/czescibrzesko.pl\/index.php\/wp-json\/wp\/v2\/pages"}],"about":[{"href":"http:\/\/czescibrzesko.pl\/index.php\/wp-json\/wp\/v2\/types\/page"}],"author":[{"embeddable":true,"href":"http:\/\/czescibrzesko.pl\/index.php\/wp-json\/wp\/v2\/users\/1"}],"replies":[{"embeddable":true,"href":"http:\/\/czescibrzesko.pl\/index.php\/wp-json\/wp\/v2\/comments?post=24"}],"version-history":[{"count":16,"href":"http:\/\/czescibrzesko.pl\/index.php\/wp-json\/wp\/v2\/pages\/24\/revisions"}],"predecessor-version":[{"id":132,"href":"http:\/\/czescibrzesko.pl\/index.php\/wp-json\/wp\/v2\/pages\/24\/revisions\/132"}],"wp:attachment":[{"href":"http:\/\/czescibrzesko.pl\/index.php\/wp-json\/wp\/v2\/media?parent=24"}],"curies":[{"name":"wp","href":"https:\/\/api.w.org\/{rel}","templated":true}]}}